{"id":6517,"date":"2020-04-18T20:45:00","date_gmt":"2020-04-18T18:45:00","guid":{"rendered":"http:\/\/maltipoo-havapoo.foxik.pl\/?page_id=6517"},"modified":"2026-01-06T22:43:51","modified_gmt":"2026-01-06T21:43:51","slug":"nasze-psy","status":"publish","type":"page","link":"http:\/\/maltipoo-havapoo.pl\/en\/nasze-psy\/","title":{"rendered":"OUR DOGS"},"content":{"rendered":"<p class=\"has-text-align-center\">We invite you to explore the gallery of our dogs \ud83d\ude0a <\/p>\n\n\n\nngg_shortcode_0_placeholder\n\n\n\n<p class=\"has-text-align-center\">Our dogs are exceptional representatives of their breeds.\nThey come from outstanding breeding lines from Poland, Europe, and around the world \u2014 including the USA, China, Argentina, Germany, Hungary, the Czech Republic, Sweden, Norway, Serbia, Russia, and Ukraine.\nEach of them is a source of great pride for us \u2014 not only because of their noble origin, but also because of their wonderful, balanced temperaments.<\/p>\n\n\n\n<p class=\"has-text-align-center\">We care for the health of our dogs with the utmost dedication. They are regularly vaccinated and dewormed and remain under the constant care of experienced veterinarians. Every pregnancy is carefully planned and thoughtfully considered to ensure complete safety for the future mother and her puppies.<\/p>\n\n\n\n<p class=\"has-text-align-center\">Additionally, all of our dogs undergo detailed cardiological, orthopedic, and genetic examinations for breed-specific conditions. This gives us confidence that parents pass on not only beautiful physical traits and stable characters, but also healthy genes.\nCertificates and test results are always presented to future owners during puppy collection.<\/p>\n\n\n\n<p class=\"has-text-align-center\">The health, safety, and future of our dogs and their puppies are our highest priority. <\/p>\n\n\n\n<div style=\"height:25px\" aria-hidden=\"true\" class=\"wp-block-spacer\"><\/div>\n\n\n\n<figure class=\"wp-block-pullquote has-text-align-center\"><blockquote><p>The generation where it all began \ud83e\udd0d<\/p><\/blockquote><\/figure>\n\n\n\n<p class=\"has-text-align-center\">These were our very first dogs \u2014 the ones who started the Dolce Vita story in 2015.<br>Although they have been enjoying a calm and happy retirement for several years now, they are still very much present in our everyday life.\nTheir presence reminds us where it all began \u2014 with love, passion, and a bond that over time became something much greater than breeding itself. Each of them brought something unique: wisdom, gentleness, and calm, which today help shape the characters of our youngest puppies.<\/p>\n\n\n\n<p class=\"has-text-align-center\">Today, with deep gratitude, we watch them spend their days in the place that has always been \u2014 and will always be \u2014 their home. It is thanks to them that we have been able to fulfil the dreams of so many families, sharing what is most beautiful: the gift of life, love, and unconditional trust \ud83e\udd0d<\/p>\n\n\n\n<div class=\"wp-container-4 wp-block-columns alignwide\">\n<div class=\"wp-container-1 wp-block-column\" style=\"flex-basis:50%\">\n<figure class=\"wp-block-image\"><img loading=\"lazy\" width=\"1024\" height=\"683\" src=\"http:\/\/maltipoo-havapoo.pl\/wp-content\/uploads\/2025\/10\/RENGNEE3RTMtMDg5RC00NjU0LUI5NjItMzZBMzc5QTBDRTNB-1024x683.jpg\" alt=\"\" class=\"wp-image-8926\" srcset=\"http:\/\/maltipoo-havapoo.pl\/wp-content\/uploads\/2025\/10\/RENGNEE3RTMtMDg5RC00NjU0LUI5NjItMzZBMzc5QTBDRTNB-1024x683.jpg 1024w, http:\/\/maltipoo-havapoo.pl\/wp-content\/uploads\/2025\/10\/RENGNEE3RTMtMDg5RC00NjU0LUI5NjItMzZBMzc5QTBDRTNB-300x200.jpg 300w, http:\/\/maltipoo-havapoo.pl\/wp-content\/uploads\/2025\/10\/RENGNEE3RTMtMDg5RC00NjU0LUI5NjItMzZBMzc5QTBDRTNB-768x512.jpg 768w, http:\/\/maltipoo-havapoo.pl\/wp-content\/uploads\/2025\/10\/RENGNEE3RTMtMDg5RC00NjU0LUI5NjItMzZBMzc5QTBDRTNB-360x240.jpg 360w, http:\/\/maltipoo-havapoo.pl\/wp-content\/uploads\/2025\/10\/RENGNEE3RTMtMDg5RC00NjU0LUI5NjItMzZBMzc5QTBDRTNB.jpg 1152w\" sizes=\"(max-width: 1024px) 100vw, 1024px\" \/><\/figure>\n\n\n\n<figure class=\"wp-block-image size-full\"><img loading=\"lazy\" width=\"640\" height=\"480\" src=\"http:\/\/maltipoo-havapoo.pl\/wp-content\/uploads\/2025\/10\/MEVBQzNGNDQtMzhGRi00MTc5LUE2RjItQjREQTdBRDI0RjdF.jpg\" alt=\"\" class=\"wp-image-8930\" srcset=\"http:\/\/maltipoo-havapoo.pl\/wp-content\/uploads\/2025\/10\/MEVBQzNGNDQtMzhGRi00MTc5LUE2RjItQjREQTdBRDI0RjdF.jpg 640w, http:\/\/maltipoo-havapoo.pl\/wp-content\/uploads\/2025\/10\/MEVBQzNGNDQtMzhGRi00MTc5LUE2RjItQjREQTdBRDI0RjdF-300x225.jpg 300w\" sizes=\"(max-width: 640px) 100vw, 640px\" \/><\/figure>\n\n\n\n<figure class=\"wp-block-image size-large\"><img loading=\"lazy\" width=\"1024\" height=\"683\" src=\"http:\/\/maltipoo-havapoo.pl\/wp-content\/uploads\/2025\/10\/RDc0MjE1RjAtMTkxNi00NjU2LUI1NDQtNTgxRjg4RDkxRkZB-1-1024x683.jpg\" alt=\"\" class=\"wp-image-8936\" srcset=\"http:\/\/maltipoo-havapoo.pl\/wp-content\/uploads\/2025\/10\/RDc0MjE1RjAtMTkxNi00NjU2LUI1NDQtNTgxRjg4RDkxRkZB-1-1024x683.jpg 1024w, http:\/\/maltipoo-havapoo.pl\/wp-content\/uploads\/2025\/10\/RDc0MjE1RjAtMTkxNi00NjU2LUI1NDQtNTgxRjg4RDkxRkZB-1-300x200.jpg 300w, http:\/\/maltipoo-havapoo.pl\/wp-content\/uploads\/2025\/10\/RDc0MjE1RjAtMTkxNi00NjU2LUI1NDQtNTgxRjg4RDkxRkZB-1-768x512.jpg 768w, http:\/\/maltipoo-havapoo.pl\/wp-content\/uploads\/2025\/10\/RDc0MjE1RjAtMTkxNi00NjU2LUI1NDQtNTgxRjg4RDkxRkZB-1-360x240.jpg 360w, http:\/\/maltipoo-havapoo.pl\/wp-content\/uploads\/2025\/10\/RDc0MjE1RjAtMTkxNi00NjU2LUI1NDQtNTgxRjg4RDkxRkZB-1.jpg 1152w\" sizes=\"(max-width: 1024px) 100vw, 1024px\" \/><\/figure>\n<\/div>\n\n\n\n<div class=\"wp-container-2 wp-block-column\"><\/div>\n\n\n\n<div class=\"wp-container-3 wp-block-column\" style=\"flex-basis:50%\">\n<p><\/p>\n\n\n\n<figure class=\"wp-block-image size-full\"><img loading=\"lazy\" width=\"640\" height=\"600\" src=\"http:\/\/maltipoo-havapoo.pl\/wp-content\/uploads\/2025\/10\/ODg3RDhEMkYtNjk4My00RjhGLTgxNzEtMUEwNEFGODZDMDc2.jpg\" alt=\"\" class=\"wp-image-8927\" srcset=\"http:\/\/maltipoo-havapoo.pl\/wp-content\/uploads\/2025\/10\/ODg3RDhEMkYtNjk4My00RjhGLTgxNzEtMUEwNEFGODZDMDc2.jpg 640w, http:\/\/maltipoo-havapoo.pl\/wp-content\/uploads\/2025\/10\/ODg3RDhEMkYtNjk4My00RjhGLTgxNzEtMUEwNEFGODZDMDc2-300x281.jpg 300w\" sizes=\"(max-width: 640px) 100vw, 640px\" \/><\/figure>\n\n\n\n<figure class=\"wp-block-image size-full\"><img loading=\"lazy\" width=\"640\" height=\"480\" src=\"http:\/\/maltipoo-havapoo.pl\/wp-content\/uploads\/2025\/10\/MzEzNjgzQkUtOTAxOC00NkRGLUE4NDEtRjYwMjEzRjQxQTlB.jpg\" alt=\"\" class=\"wp-image-8934\" srcset=\"http:\/\/maltipoo-havapoo.pl\/wp-content\/uploads\/2025\/10\/MzEzNjgzQkUtOTAxOC00NkRGLUE4NDEtRjYwMjEzRjQxQTlB.jpg 640w, http:\/\/maltipoo-havapoo.pl\/wp-content\/uploads\/2025\/10\/MzEzNjgzQkUtOTAxOC00NkRGLUE4NDEtRjYwMjEzRjQxQTlB-300x225.jpg 300w\" sizes=\"(max-width: 640px) 100vw, 640px\" \/><\/figure>\n\n\n\n<figure class=\"wp-block-image size-full\"><img loading=\"lazy\" width=\"960\" height=\"640\" src=\"http:\/\/maltipoo-havapoo.pl\/wp-content\/uploads\/2025\/10\/REQzNjZENzEtMjk2QS00OTNBLTk2N0EtNDM2MUJBNjg4QTJC-1.jpg\" alt=\"\" class=\"wp-image-8937\" srcset=\"http:\/\/maltipoo-havapoo.pl\/wp-content\/uploads\/2025\/10\/REQzNjZENzEtMjk2QS00OTNBLTk2N0EtNDM2MUJBNjg4QTJC-1.jpg 960w, http:\/\/maltipoo-havapoo.pl\/wp-content\/uploads\/2025\/10\/REQzNjZENzEtMjk2QS00OTNBLTk2N0EtNDM2MUJBNjg4QTJC-1-300x200.jpg 300w, http:\/\/maltipoo-havapoo.pl\/wp-content\/uploads\/2025\/10\/REQzNjZENzEtMjk2QS00OTNBLTk2N0EtNDM2MUJBNjg4QTJC-1-768x512.jpg 768w, http:\/\/maltipoo-havapoo.pl\/wp-content\/uploads\/2025\/10\/REQzNjZENzEtMjk2QS00OTNBLTk2N0EtNDM2MUJBNjg4QTJC-1-360x240.jpg 360w\" sizes=\"(max-width: 960px) 100vw, 960px\" \/><\/figure>\n<\/div>\n<\/div>","protected":false},"excerpt":{"rendered":"<p>Zapraszamy do obejrzenia galerii naszych psiak\u00f3w \ud83d\ude42 Nasze psy to wyj\u0105tkowi przedstawiciele swoich ras, pochodz\u0105cy z doskona\u0142ych linii hodowlanych z Polski, Europy i \u015bwiata \u2013 w tym z USA, Chin, Argentyny, Niemiec, W\u0119gier, Czech, Szwecji, Norwegii, Serbii, Rosji, Ukrainy. Ka\u017cdy z nich to dla nas pow\u00f3d do dumy \u2013 zar\u00f3wno [&hellip;]<\/p>","protected":false},"author":1,"featured_media":0,"parent":0,"menu_order":0,"comment_status":"closed","ping_status":"closed","template":"","meta":{"_uag_custom_page_level_css":"","ngg_post_thumbnail":0},"yoast_head":"<!-- This site is optimized with the Yoast SEO plugin v19.7.1 - https:\/\/yoast.com\/wordpress\/plugins\/seo\/ -->\n<title>Nasze psy -<\/title>\n<meta name=\"robots\" content=\"index, follow, max-snippet:-1, max-image-preview:large, max-video-preview:-1\" \/>\n<link rel=\"canonical\" href=\"http:\/\/maltipoo-havapoo.pl\/en\/nasze-psy\/\" \/>\n<meta property=\"og:locale\" content=\"en_US\" \/>\n<meta property=\"og:type\" content=\"article\" \/>\n<meta property=\"og:title\" content=\"Nasze psy -\" \/>\n<meta property=\"og:description\" content=\"Zapraszamy do obejrzenia galerii naszych psiak\u00f3w \ud83d\ude42 Nasze psy to wyj\u0105tkowi przedstawiciele swoich ras, pochodz\u0105cy z doskona\u0142ych linii hodowlanych z Polski, Europy i \u015bwiata \u2013 w tym z USA, Chin, Argentyny, Niemiec, W\u0119gier, Czech, Szwecji, Norwegii, Serbii, Rosji, Ukrainy. Ka\u017cdy z nich to dla nas pow\u00f3d do dumy \u2013 zar\u00f3wno [&hellip;]\" \/>\n<meta property=\"og:url\" content=\"http:\/\/maltipoo-havapoo.pl\/en\/nasze-psy\/\" \/>\n<meta property=\"article:modified_time\" content=\"2026-01-06T21:43:51+00:00\" \/>\n<meta property=\"og:image\" content=\"http:\/\/maltipoo-havapoo.pl\/wp-content\/uploads\/2025\/10\/RENGNEE3RTMtMDg5RC00NjU0LUI5NjItMzZBMzc5QTBDRTNB-1024x683.jpg\" \/>\n<meta name=\"twitter:card\" content=\"summary_large_image\" \/>\n<meta name=\"twitter:label1\" content=\"Est. reading time\" \/>\n\t<meta name=\"twitter:data1\" content=\"3 minutes\" \/>\n<script type=\"application\/ld+json\" class=\"yoast-schema-graph\">{\"@context\":\"https:\/\/schema.org\",\"@graph\":[{\"@type\":\"WebPage\",\"@id\":\"http:\/\/maltipoo-havapoo.pl\/nasze-psy\/\",\"url\":\"http:\/\/maltipoo-havapoo.pl\/nasze-psy\/\",\"name\":\"Nasze psy -\",\"isPartOf\":{\"@id\":\"http:\/\/maltipoo-havapoo.pl\/#website\"},\"datePublished\":\"2020-04-18T18:45:00+00:00\",\"dateModified\":\"2026-01-06T21:43:51+00:00\",\"breadcrumb\":{\"@id\":\"http:\/\/maltipoo-havapoo.pl\/nasze-psy\/#breadcrumb\"},\"inLanguage\":\"en-US\",\"potentialAction\":[{\"@type\":\"ReadAction\",\"target\":[\"http:\/\/maltipoo-havapoo.pl\/nasze-psy\/\"]}]},{\"@type\":\"BreadcrumbList\",\"@id\":\"http:\/\/maltipoo-havapoo.pl\/nasze-psy\/#breadcrumb\",\"itemListElement\":[{\"@type\":\"ListItem\",\"position\":1,\"name\":\"Strona g\u0142\u00f3wna\",\"item\":\"http:\/\/maltipoo-havapoo.pl\/\"},{\"@type\":\"ListItem\",\"position\":2,\"name\":\"Nasze psy\"}]},{\"@type\":\"WebSite\",\"@id\":\"http:\/\/maltipoo-havapoo.pl\/#website\",\"url\":\"http:\/\/maltipoo-havapoo.pl\/\",\"name\":\"\",\"description\":\"Hodowla Maltipoo i Havapoo Dolce Vita\",\"potentialAction\":[{\"@type\":\"SearchAction\",\"target\":{\"@type\":\"EntryPoint\",\"urlTemplate\":\"http:\/\/maltipoo-havapoo.pl\/?s={search_term_string}\"},\"query-input\":\"required name=search_term_string\"}],\"inLanguage\":\"en-US\"}]}<\/script>\n<!-- \/ Yoast SEO plugin. -->","yoast_head_json":{"title":"Nasze psy -","robots":{"index":"index","follow":"follow","max-snippet":"max-snippet:-1","max-image-preview":"max-image-preview:large","max-video-preview":"max-video-preview:-1"},"canonical":"http:\/\/maltipoo-havapoo.pl\/en\/nasze-psy\/","og_locale":"en_US","og_type":"article","og_title":"Nasze psy -","og_description":"Zapraszamy do obejrzenia galerii naszych psiak\u00f3w \ud83d\ude42 Nasze psy to wyj\u0105tkowi przedstawiciele swoich ras, pochodz\u0105cy z doskona\u0142ych linii hodowlanych z Polski, Europy i \u015bwiata \u2013 w tym z USA, Chin, Argentyny, Niemiec, W\u0119gier, Czech, Szwecji, Norwegii, Serbii, Rosji, Ukrainy. Ka\u017cdy z nich to dla nas pow\u00f3d do dumy \u2013 zar\u00f3wno [&hellip;]","og_url":"http:\/\/maltipoo-havapoo.pl\/en\/nasze-psy\/","article_modified_time":"2026-01-06T21:43:51+00:00","og_image":[{"url":"http:\/\/maltipoo-havapoo.pl\/wp-content\/uploads\/2025\/10\/RENGNEE3RTMtMDg5RC00NjU0LUI5NjItMzZBMzc5QTBDRTNB-1024x683.jpg"}],"twitter_card":"summary_large_image","twitter_misc":{"Est. reading time":"3 minutes"},"schema":{"@context":"https:\/\/schema.org","@graph":[{"@type":"WebPage","@id":"http:\/\/maltipoo-havapoo.pl\/nasze-psy\/","url":"http:\/\/maltipoo-havapoo.pl\/nasze-psy\/","name":"Nasze psy -","isPartOf":{"@id":"http:\/\/maltipoo-havapoo.pl\/#website"},"datePublished":"2020-04-18T18:45:00+00:00","dateModified":"2026-01-06T21:43:51+00:00","breadcrumb":{"@id":"http:\/\/maltipoo-havapoo.pl\/nasze-psy\/#breadcrumb"},"inLanguage":"en-US","potentialAction":[{"@type":"ReadAction","target":["http:\/\/maltipoo-havapoo.pl\/nasze-psy\/"]}]},{"@type":"BreadcrumbList","@id":"http:\/\/maltipoo-havapoo.pl\/nasze-psy\/#breadcrumb","itemListElement":[{"@type":"ListItem","position":1,"name":"Strona g\u0142\u00f3wna","item":"http:\/\/maltipoo-havapoo.pl\/"},{"@type":"ListItem","position":2,"name":"Nasze psy"}]},{"@type":"WebSite","@id":"http:\/\/maltipoo-havapoo.pl\/#website","url":"http:\/\/maltipoo-havapoo.pl\/","name":"","description":"Hodowla Maltipoo i Havapoo Dolce Vita","potentialAction":[{"@type":"SearchAction","target":{"@type":"EntryPoint","urlTemplate":"http:\/\/maltipoo-havapoo.pl\/?s={search_term_string}"},"query-input":"required name=search_term_string"}],"inLanguage":"en-US"}]}},"uagb_featured_image_src":{"full":false,"thumbnail":false,"medium":false,"medium_large":false,"large":false,"1536x1536":false,"2048x2048":false,"trp-custom-language-flag":false,"hestia-blog":false},"uagb_author_info":{"display_name":"admin","author_link":"http:\/\/maltipoo-havapoo.pl\/en\/author\/admin\/"},"uagb_comment_info":0,"uagb_excerpt":"Zapraszamy do obejrzenia galerii naszych psiak\u00f3w \ud83d\ude42 Nasze psy to wyj\u0105tkowi przedstawiciele swoich ras, pochodz\u0105cy z doskona\u0142ych linii hodowlanych z Polski, Europy i \u015bwiata \u2013 w tym z USA, Chin, Argentyny, Niemiec, W\u0119gier, Czech, Szwecji, Norwegii, Serbii, Rosji, Ukrainy. Ka\u017cdy z nich to dla nas pow\u00f3d do dumy \u2013 zar\u00f3wno [&hellip;]","_links":{"self":[{"href":"http:\/\/maltipoo-havapoo.pl\/en\/wp-json\/wp\/v2\/pages\/6517"}],"collection":[{"href":"http:\/\/maltipoo-havapoo.pl\/en\/wp-json\/wp\/v2\/pages"}],"about":[{"href":"http:\/\/maltipoo-havapoo.pl\/en\/wp-json\/wp\/v2\/types\/page"}],"author":[{"embeddable":true,"href":"http:\/\/maltipoo-havapoo.pl\/en\/wp-json\/wp\/v2\/users\/1"}],"replies":[{"embeddable":true,"href":"http:\/\/maltipoo-havapoo.pl\/en\/wp-json\/wp\/v2\/comments?post=6517"}],"version-history":[{"count":36,"href":"http:\/\/maltipoo-havapoo.pl\/en\/wp-json\/wp\/v2\/pages\/6517\/revisions"}],"predecessor-version":[{"id":9072,"href":"http:\/\/maltipoo-havapoo.pl\/en\/wp-json\/wp\/v2\/pages\/6517\/revisions\/9072"}],"wp:attachment":[{"href":"http:\/\/maltipoo-havapoo.pl\/en\/wp-json\/wp\/v2\/media?parent=6517"}],"curies":[{"name":"wp","href":"https:\/\/api.w.org\/{rel}","templated":true}]}}