{"id":46,"date":"2017-10-06T19:24:02","date_gmt":"2017-10-06T17:24:02","guid":{"rendered":"http:\/\/maltipoo-havapoo.foxik.pl\/?page_id=46"},"modified":"2026-01-06T22:40:22","modified_gmt":"2026-01-06T21:40:22","slug":"szczeniaczki-havapoo-na-sprzedaz","status":"publish","type":"page","link":"http:\/\/maltipoo-havapoo.pl\/en\/szczeniaczki-havapoo-na-sprzedaz\/","title":{"rendered":"PUPPIES"},"content":{"rendered":"<h4 class=\"has-text-align-center\"><strong>,,<em>\u201cOwning a dog is like a rainbow \u2014 puppies are the joy at one end, and old dogs are the treasure at the other.\u201d<\/em><\/strong><\/h4>\n\n\n\n<h2><span style=\"color: #ff0000;\">&nbsp;<\/span><\/h2>\n\n\n\n<hr class=\"wp-block-separator has-alpha-channel-opacity\"\/>\n\n\n\n<div style=\"height:21px\" aria-hidden=\"true\" class=\"wp-block-spacer\"><\/div>\n\n\n\n<div class=\"wp-block-media-text alignwide is-stacked-on-mobile\"><figure class=\"wp-block-media-text__media\"><img loading=\"lazy\" width=\"801\" height=\"1024\" src=\"http:\/\/maltipoo-havapoo.pl\/wp-content\/uploads\/2025\/10\/IMG_3348-2-801x1024.jpg\" alt=\"\" class=\"wp-image-8919 size-full\" srcset=\"http:\/\/maltipoo-havapoo.pl\/wp-content\/uploads\/2025\/10\/IMG_3348-2-801x1024.jpg 801w, http:\/\/maltipoo-havapoo.pl\/wp-content\/uploads\/2025\/10\/IMG_3348-2-235x300.jpg 235w, http:\/\/maltipoo-havapoo.pl\/wp-content\/uploads\/2025\/10\/IMG_3348-2-768x982.jpg 768w, http:\/\/maltipoo-havapoo.pl\/wp-content\/uploads\/2025\/10\/IMG_3348-2.jpg 1073w\" sizes=\"(max-width: 801px) 100vw, 801px\" \/><\/figure><div class=\"wp-block-media-text__content\">\n<div style=\"height:15px\" aria-hidden=\"true\" class=\"wp-block-spacer\"><\/div>\n\n\n\n<p>From their very first moments, our puppies are surrounded by care, calm, and tenderness.\nThey are born and raised in our home \u2014 among everyday household sounds, scents, and routines that help them develop a sense of safety and emotional balance. This is where they learn their very first relationships, human touch, and the sound of a caring voice \u2014 all the things that will later feel natural and familiar in their new homes.<\/p>\n\n\n\n<p><\/p>\n\n\n\n<p>From the very beginning, we introduce our puppies to the world in a thoughtful and age-appropriate way. A variety of surfaces, sounds, scents, and sensory activities help them build confidence and curiosity about the world around them. Thanks to this, when the time comes to leave us, they are ready \u2014 with joy \u2014 to explore new environments and bond with the people who will become their family.<\/p>\n<\/div><\/div>\n\n\n\n<div style=\"height:30px\" aria-hidden=\"true\" class=\"wp-block-spacer\"><\/div>\n\n\n\n<div class=\"wp-block-media-text alignwide has-media-on-the-right is-stacked-on-mobile\"><figure class=\"wp-block-media-text__media\"><img loading=\"lazy\" width=\"712\" height=\"1024\" src=\"http:\/\/maltipoo-havapoo.pl\/wp-content\/uploads\/2025\/10\/IMG_5573-712x1024.jpg\" alt=\"\" class=\"wp-image-8917 size-full\" srcset=\"http:\/\/maltipoo-havapoo.pl\/wp-content\/uploads\/2025\/10\/IMG_5573-712x1024.jpg 712w, http:\/\/maltipoo-havapoo.pl\/wp-content\/uploads\/2025\/10\/IMG_5573-209x300.jpg 209w, http:\/\/maltipoo-havapoo.pl\/wp-content\/uploads\/2025\/10\/IMG_5573-768x1105.jpg 768w, http:\/\/maltipoo-havapoo.pl\/wp-content\/uploads\/2025\/10\/IMG_5573-1068x1536.jpg 1068w, http:\/\/maltipoo-havapoo.pl\/wp-content\/uploads\/2025\/10\/IMG_5573.jpg 1172w\" sizes=\"(max-width: 712px) 100vw, 712px\" \/><\/figure><div class=\"wp-block-media-text__content\">\n<div style=\"height:15px\" aria-hidden=\"true\" class=\"wp-block-spacer\"><\/div>\n\n\n\n<p>Every puppy leaving our home is fully prepared for life in a new family.\nBefore departure, each puppy undergoes a veterinary health check and is vaccinated and dewormed according to their age. They receive a pedigree and a health booklet.\nEach puppy also goes to their new home with a carefully prepared puppy pack, containing everything needed for a smooth and comfortable start \u2014 including a supply of food, a bed, bowls, a grooming set, a blanket carrying the mother\u2019s scent, and their favourite toys.<\/p>\n\n\n\n<p>Our adult dogs remain under constant veterinary care and are regularly examined and vaccinated. We pay attention to every detail to ensure that our puppies leave our home healthy, strong, and ready for the next stage of their lives.<\/p>\n\n\n\n<p>Puppies are ready to join their new homes after completing 8 weeks of age.\nAt this stage, they are already independent, yet still benefit from closeness, gentleness, and human care. We remain in constant contact with their future families \u2014 offering guidance, support, and sharing in every new chapter of their shared journey.\nFor us, every adoption is not an ending, but a beautiful beginning.<\/p>\n<\/div><\/div>\n\n\n\n<div style=\"height:83px\" aria-hidden=\"true\" class=\"wp-block-spacer\"><\/div>","protected":false},"excerpt":{"rendered":"<p>,,Posiadanie psa jest jak t\u0119cza, szczeni\u0119ta s\u0105 rado\u015bci\u0105 na jednym jej ko\u0144cu, stare psy skarbem na drugim&#8221; &nbsp;<\/p>","protected":false},"author":1,"featured_media":0,"parent":0,"menu_order":0,"comment_status":"closed","ping_status":"closed","template":"","meta":{"_uag_custom_page_level_css":"","ngg_post_thumbnail":0},"yoast_head":"<!-- This site is optimized with the Yoast SEO plugin v19.7.1 - https:\/\/yoast.com\/wordpress\/plugins\/seo\/ -->\n<title>Szczeni\u0119ta -<\/title>\n<meta name=\"description\" content=\"Hodowla szcz\u0119ni\u0105t Havapoo. Szczeni\u0119ta Havapoo na sprzeda\u017c. Strona po\u015bwi\u0119cona psom Havapoo. Zdj\u0119cia piesk\u00f3w Havapoo. Hodowla Havapoo ,,Dolce Vita&#039;&#039;. Szczeniaki Havapoo. Szczeniaczki havapoo.\" \/>\n<meta name=\"robots\" content=\"index, follow, max-snippet:-1, max-image-preview:large, max-video-preview:-1\" \/>\n<link rel=\"canonical\" href=\"http:\/\/maltipoo-havapoo.pl\/en\/szczeniaczki-havapoo-na-sprzedaz\/\" \/>\n<meta property=\"og:locale\" content=\"en_US\" \/>\n<meta property=\"og:type\" content=\"article\" \/>\n<meta property=\"og:title\" content=\"Szczeni\u0119ta -\" \/>\n<meta property=\"og:description\" content=\"Hodowla szcz\u0119ni\u0105t Havapoo. Szczeni\u0119ta Havapoo na sprzeda\u017c. Strona po\u015bwi\u0119cona psom Havapoo. Zdj\u0119cia piesk\u00f3w Havapoo. Hodowla Havapoo ,,Dolce Vita&#039;&#039;. Szczeniaki Havapoo. Szczeniaczki havapoo.\" \/>\n<meta property=\"og:url\" content=\"http:\/\/maltipoo-havapoo.pl\/en\/szczeniaczki-havapoo-na-sprzedaz\/\" \/>\n<meta property=\"article:modified_time\" content=\"2026-01-06T21:40:22+00:00\" \/>\n<meta property=\"og:image\" content=\"http:\/\/maltipoo-havapoo.pl\/wp-content\/uploads\/2025\/10\/IMG_3348-2-801x1024.jpg\" \/>\n<meta name=\"twitter:card\" content=\"summary_large_image\" \/>\n<meta name=\"twitter:label1\" content=\"Est. reading time\" \/>\n\t<meta name=\"twitter:data1\" content=\"3 minutes\" \/>\n<script type=\"application\/ld+json\" class=\"yoast-schema-graph\">{\"@context\":\"https:\/\/schema.org\",\"@graph\":[{\"@type\":\"WebPage\",\"@id\":\"http:\/\/maltipoo-havapoo.pl\/szczeniaczki-havapoo-na-sprzedaz\/\",\"url\":\"http:\/\/maltipoo-havapoo.pl\/szczeniaczki-havapoo-na-sprzedaz\/\",\"name\":\"Szczeni\u0119ta -\",\"isPartOf\":{\"@id\":\"http:\/\/maltipoo-havapoo.pl\/#website\"},\"datePublished\":\"2017-10-06T17:24:02+00:00\",\"dateModified\":\"2026-01-06T21:40:22+00:00\",\"description\":\"Hodowla szcz\u0119ni\u0105t Havapoo. Szczeni\u0119ta Havapoo na sprzeda\u017c. Strona po\u015bwi\u0119cona psom Havapoo. Zdj\u0119cia piesk\u00f3w Havapoo. Hodowla Havapoo ,,Dolce Vita''. Szczeniaki Havapoo. Szczeniaczki havapoo.\",\"breadcrumb\":{\"@id\":\"http:\/\/maltipoo-havapoo.pl\/szczeniaczki-havapoo-na-sprzedaz\/#breadcrumb\"},\"inLanguage\":\"en-US\",\"potentialAction\":[{\"@type\":\"ReadAction\",\"target\":[\"http:\/\/maltipoo-havapoo.pl\/szczeniaczki-havapoo-na-sprzedaz\/\"]}]},{\"@type\":\"BreadcrumbList\",\"@id\":\"http:\/\/maltipoo-havapoo.pl\/szczeniaczki-havapoo-na-sprzedaz\/#breadcrumb\",\"itemListElement\":[{\"@type\":\"ListItem\",\"position\":1,\"name\":\"Strona g\u0142\u00f3wna\",\"item\":\"http:\/\/maltipoo-havapoo.pl\/\"},{\"@type\":\"ListItem\",\"position\":2,\"name\":\"Szczeni\u0119ta\"}]},{\"@type\":\"WebSite\",\"@id\":\"http:\/\/maltipoo-havapoo.pl\/#website\",\"url\":\"http:\/\/maltipoo-havapoo.pl\/\",\"name\":\"\",\"description\":\"Hodowla Maltipoo i Havapoo Dolce Vita\",\"potentialAction\":[{\"@type\":\"SearchAction\",\"target\":{\"@type\":\"EntryPoint\",\"urlTemplate\":\"http:\/\/maltipoo-havapoo.pl\/?s={search_term_string}\"},\"query-input\":\"required name=search_term_string\"}],\"inLanguage\":\"en-US\"}]}<\/script>\n<!-- \/ Yoast SEO plugin. -->","yoast_head_json":{"title":"Szczeni\u0119ta -","description":"Hodowla szcz\u0119ni\u0105t Havapoo. Szczeni\u0119ta Havapoo na sprzeda\u017c. Strona po\u015bwi\u0119cona psom Havapoo. Zdj\u0119cia piesk\u00f3w Havapoo. Hodowla Havapoo ,,Dolce Vita''. Szczeniaki Havapoo. Szczeniaczki havapoo.","robots":{"index":"index","follow":"follow","max-snippet":"max-snippet:-1","max-image-preview":"max-image-preview:large","max-video-preview":"max-video-preview:-1"},"canonical":"http:\/\/maltipoo-havapoo.pl\/en\/szczeniaczki-havapoo-na-sprzedaz\/","og_locale":"en_US","og_type":"article","og_title":"Szczeni\u0119ta -","og_description":"Hodowla szcz\u0119ni\u0105t Havapoo. Szczeni\u0119ta Havapoo na sprzeda\u017c. Strona po\u015bwi\u0119cona psom Havapoo. Zdj\u0119cia piesk\u00f3w Havapoo. Hodowla Havapoo ,,Dolce Vita''. Szczeniaki Havapoo. Szczeniaczki havapoo.","og_url":"http:\/\/maltipoo-havapoo.pl\/en\/szczeniaczki-havapoo-na-sprzedaz\/","article_modified_time":"2026-01-06T21:40:22+00:00","og_image":[{"url":"http:\/\/maltipoo-havapoo.pl\/wp-content\/uploads\/2025\/10\/IMG_3348-2-801x1024.jpg"}],"twitter_card":"summary_large_image","twitter_misc":{"Est. reading time":"3 minutes"},"schema":{"@context":"https:\/\/schema.org","@graph":[{"@type":"WebPage","@id":"http:\/\/maltipoo-havapoo.pl\/szczeniaczki-havapoo-na-sprzedaz\/","url":"http:\/\/maltipoo-havapoo.pl\/szczeniaczki-havapoo-na-sprzedaz\/","name":"Szczeni\u0119ta -","isPartOf":{"@id":"http:\/\/maltipoo-havapoo.pl\/#website"},"datePublished":"2017-10-06T17:24:02+00:00","dateModified":"2026-01-06T21:40:22+00:00","description":"Hodowla szcz\u0119ni\u0105t Havapoo. Szczeni\u0119ta Havapoo na sprzeda\u017c. Strona po\u015bwi\u0119cona psom Havapoo. Zdj\u0119cia piesk\u00f3w Havapoo. Hodowla Havapoo ,,Dolce Vita''. Szczeniaki Havapoo. Szczeniaczki havapoo.","breadcrumb":{"@id":"http:\/\/maltipoo-havapoo.pl\/szczeniaczki-havapoo-na-sprzedaz\/#breadcrumb"},"inLanguage":"en-US","potentialAction":[{"@type":"ReadAction","target":["http:\/\/maltipoo-havapoo.pl\/szczeniaczki-havapoo-na-sprzedaz\/"]}]},{"@type":"BreadcrumbList","@id":"http:\/\/maltipoo-havapoo.pl\/szczeniaczki-havapoo-na-sprzedaz\/#breadcrumb","itemListElement":[{"@type":"ListItem","position":1,"name":"Strona g\u0142\u00f3wna","item":"http:\/\/maltipoo-havapoo.pl\/"},{"@type":"ListItem","position":2,"name":"Szczeni\u0119ta"}]},{"@type":"WebSite","@id":"http:\/\/maltipoo-havapoo.pl\/#website","url":"http:\/\/maltipoo-havapoo.pl\/","name":"","description":"Hodowla Maltipoo i Havapoo Dolce Vita","potentialAction":[{"@type":"SearchAction","target":{"@type":"EntryPoint","urlTemplate":"http:\/\/maltipoo-havapoo.pl\/?s={search_term_string}"},"query-input":"required name=search_term_string"}],"inLanguage":"en-US"}]}},"uagb_featured_image_src":{"full":false,"thumbnail":false,"medium":false,"medium_large":false,"large":false,"1536x1536":false,"2048x2048":false,"trp-custom-language-flag":false,"hestia-blog":false},"uagb_author_info":{"display_name":"admin","author_link":"http:\/\/maltipoo-havapoo.pl\/en\/author\/admin\/"},"uagb_comment_info":0,"uagb_excerpt":",,Posiadanie psa jest jak t\u0119cza, szczeni\u0119ta s\u0105 rado\u015bci\u0105 na jednym jej ko\u0144cu, stare psy skarbem na drugim&#8221; &nbsp;","_links":{"self":[{"href":"http:\/\/maltipoo-havapoo.pl\/en\/wp-json\/wp\/v2\/pages\/46"}],"collection":[{"href":"http:\/\/maltipoo-havapoo.pl\/en\/wp-json\/wp\/v2\/pages"}],"about":[{"href":"http:\/\/maltipoo-havapoo.pl\/en\/wp-json\/wp\/v2\/types\/page"}],"author":[{"embeddable":true,"href":"http:\/\/maltipoo-havapoo.pl\/en\/wp-json\/wp\/v2\/users\/1"}],"replies":[{"embeddable":true,"href":"http:\/\/maltipoo-havapoo.pl\/en\/wp-json\/wp\/v2\/comments?post=46"}],"version-history":[{"count":98,"href":"http:\/\/maltipoo-havapoo.pl\/en\/wp-json\/wp\/v2\/pages\/46\/revisions"}],"predecessor-version":[{"id":9068,"href":"http:\/\/maltipoo-havapoo.pl\/en\/wp-json\/wp\/v2\/pages\/46\/revisions\/9068"}],"wp:attachment":[{"href":"http:\/\/maltipoo-havapoo.pl\/en\/wp-json\/wp\/v2\/media?parent=46"}],"curies":[{"name":"wp","href":"https:\/\/api.w.org\/{rel}","templated":true}]}}