{"id":2134,"date":"2018-07-05T15:58:31","date_gmt":"2018-07-05T13:58:31","guid":{"rendered":"http:\/\/maltipoo-havapoo.foxik.pl\/?page_id=2134"},"modified":"2021-04-11T11:20:22","modified_gmt":"2021-04-11T09:20:22","slug":"szczenieta-nowych-domach","status":"publish","type":"page","link":"http:\/\/maltipoo-havapoo.pl\/en\/szczenieta-nowych-domach\/","title":{"rendered":"NEW HOMES"},"content":{"rendered":"<p style=\"text-align: center;\">We receive countless photos from the happy owners of our wonderful puppies \ud83d\ude42<\/p>\n<p>&nbsp;<\/p>\n<h3><img loading=\"lazy\" class=\"alignnone size-full wp-image-106\" src=\"http:\/\/maltipoo-havapoo.foxik.pl\/wp-content\/uploads\/2017\/10\/menu-selected.png\" alt=\"\" width=\"20\" height=\"24\">&nbsp;<a href=\"http:\/\/maltipoo-havapoo.foxik.pl\/maltipoo-2\/\">&nbsp;MALTIPOO<\/a><\/h3>\n<h3><img loading=\"lazy\" class=\"alignnone size-full wp-image-106\" src=\"http:\/\/maltipoo-havapoo.foxik.pl\/wp-content\/uploads\/2017\/10\/menu-selected.png\" alt=\"\" width=\"20\" height=\"24\"> <a href=\"http:\/\/maltipoo-havapoo.foxik.pl\/havapoo-3\/\">&nbsp;HAVAPOO<br \/>\n<\/a><\/h3>\n<p style=\"text-align: center;\">","protected":false},"excerpt":{"rendered":"<p>Dostajemy mn\u00f3stwo zdj\u0119\u0107 od szcz\u0119\u015bliwych w\u0142a\u015bcicieli naszych wspania\u0142ych szczeni\u0105t \ud83d\ude42 &nbsp; &nbsp;&nbsp;MALTIPOO &nbsp;HAVAPOO<\/p>","protected":false},"author":1,"featured_media":0,"parent":0,"menu_order":0,"comment_status":"closed","ping_status":"closed","template":"","meta":{"_uag_custom_page_level_css":"","ngg_post_thumbnail":0},"yoast_head":"<!-- This site is optimized with the Yoast SEO plugin v19.7.1 - https:\/\/yoast.com\/wordpress\/plugins\/seo\/ -->\n<title>Szczeni\u0119ta w nowych domach -<\/title>\n<meta name=\"robots\" content=\"index, follow, max-snippet:-1, max-image-preview:large, max-video-preview:-1\" \/>\n<link rel=\"canonical\" href=\"http:\/\/maltipoo-havapoo.pl\/en\/szczenieta-nowych-domach\/\" \/>\n<meta property=\"og:locale\" content=\"en_US\" \/>\n<meta property=\"og:type\" content=\"article\" \/>\n<meta property=\"og:title\" content=\"Szczeni\u0119ta w nowych domach -\" \/>\n<meta property=\"og:description\" content=\"Dostajemy mn\u00f3stwo zdj\u0119\u0107 od szcz\u0119\u015bliwych w\u0142a\u015bcicieli naszych wspania\u0142ych szczeni\u0105t \ud83d\ude42 &nbsp; &nbsp;&nbsp;MALTIPOO &nbsp;HAVAPOO\" \/>\n<meta property=\"og:url\" content=\"http:\/\/maltipoo-havapoo.pl\/en\/szczenieta-nowych-domach\/\" \/>\n<meta property=\"article:modified_time\" content=\"2021-04-11T09:20:22+00:00\" \/>\n<meta property=\"og:image\" content=\"http:\/\/maltipoo-havapoo.foxik.pl\/wp-content\/uploads\/2017\/10\/menu-selected.png\" \/>\n<meta name=\"twitter:card\" content=\"summary_large_image\" \/>\n<script type=\"application\/ld+json\" class=\"yoast-schema-graph\">{\"@context\":\"https:\/\/schema.org\",\"@graph\":[{\"@type\":\"WebPage\",\"@id\":\"http:\/\/maltipoo-havapoo.pl\/en\/szczenieta-nowych-domach\/\",\"url\":\"http:\/\/maltipoo-havapoo.pl\/en\/szczenieta-nowych-domach\/\",\"name\":\"Szczeni\u0119ta w nowych domach -\",\"isPartOf\":{\"@id\":\"http:\/\/maltipoo-havapoo.pl\/#website\"},\"datePublished\":\"2018-07-05T13:58:31+00:00\",\"dateModified\":\"2021-04-11T09:20:22+00:00\",\"breadcrumb\":{\"@id\":\"http:\/\/maltipoo-havapoo.pl\/en\/szczenieta-nowych-domach\/#breadcrumb\"},\"inLanguage\":\"en-US\",\"potentialAction\":[{\"@type\":\"ReadAction\",\"target\":[\"http:\/\/maltipoo-havapoo.pl\/en\/szczenieta-nowych-domach\/\"]}]},{\"@type\":\"BreadcrumbList\",\"@id\":\"http:\/\/maltipoo-havapoo.pl\/en\/szczenieta-nowych-domach\/#breadcrumb\",\"itemListElement\":[{\"@type\":\"ListItem\",\"position\":1,\"name\":\"Strona g\u0142\u00f3wna\",\"item\":\"http:\/\/maltipoo-havapoo.pl\/\"},{\"@type\":\"ListItem\",\"position\":2,\"name\":\"Szczeni\u0119ta w nowych domach\"}]},{\"@type\":\"WebSite\",\"@id\":\"http:\/\/maltipoo-havapoo.pl\/#website\",\"url\":\"http:\/\/maltipoo-havapoo.pl\/\",\"name\":\"\",\"description\":\"Hodowla Maltipoo i Havapoo Dolce Vita\",\"potentialAction\":[{\"@type\":\"SearchAction\",\"target\":{\"@type\":\"EntryPoint\",\"urlTemplate\":\"http:\/\/maltipoo-havapoo.pl\/?s={search_term_string}\"},\"query-input\":\"required name=search_term_string\"}],\"inLanguage\":\"en-US\"}]}<\/script>\n<!-- \/ Yoast SEO plugin. -->","yoast_head_json":{"title":"Szczeni\u0119ta w nowych domach -","robots":{"index":"index","follow":"follow","max-snippet":"max-snippet:-1","max-image-preview":"max-image-preview:large","max-video-preview":"max-video-preview:-1"},"canonical":"http:\/\/maltipoo-havapoo.pl\/en\/szczenieta-nowych-domach\/","og_locale":"en_US","og_type":"article","og_title":"Szczeni\u0119ta w nowych domach -","og_description":"Dostajemy mn\u00f3stwo zdj\u0119\u0107 od szcz\u0119\u015bliwych w\u0142a\u015bcicieli naszych wspania\u0142ych szczeni\u0105t \ud83d\ude42 &nbsp; &nbsp;&nbsp;MALTIPOO &nbsp;HAVAPOO","og_url":"http:\/\/maltipoo-havapoo.pl\/en\/szczenieta-nowych-domach\/","article_modified_time":"2021-04-11T09:20:22+00:00","og_image":[{"url":"http:\/\/maltipoo-havapoo.foxik.pl\/wp-content\/uploads\/2017\/10\/menu-selected.png"}],"twitter_card":"summary_large_image","schema":{"@context":"https:\/\/schema.org","@graph":[{"@type":"WebPage","@id":"http:\/\/maltipoo-havapoo.pl\/en\/szczenieta-nowych-domach\/","url":"http:\/\/maltipoo-havapoo.pl\/en\/szczenieta-nowych-domach\/","name":"Szczeni\u0119ta w nowych domach -","isPartOf":{"@id":"http:\/\/maltipoo-havapoo.pl\/#website"},"datePublished":"2018-07-05T13:58:31+00:00","dateModified":"2021-04-11T09:20:22+00:00","breadcrumb":{"@id":"http:\/\/maltipoo-havapoo.pl\/en\/szczenieta-nowych-domach\/#breadcrumb"},"inLanguage":"en-US","potentialAction":[{"@type":"ReadAction","target":["http:\/\/maltipoo-havapoo.pl\/en\/szczenieta-nowych-domach\/"]}]},{"@type":"BreadcrumbList","@id":"http:\/\/maltipoo-havapoo.pl\/en\/szczenieta-nowych-domach\/#breadcrumb","itemListElement":[{"@type":"ListItem","position":1,"name":"Strona g\u0142\u00f3wna","item":"http:\/\/maltipoo-havapoo.pl\/"},{"@type":"ListItem","position":2,"name":"Szczeni\u0119ta w nowych domach"}]},{"@type":"WebSite","@id":"http:\/\/maltipoo-havapoo.pl\/#website","url":"http:\/\/maltipoo-havapoo.pl\/","name":"","description":"Hodowla Maltipoo i Havapoo Dolce Vita","potentialAction":[{"@type":"SearchAction","target":{"@type":"EntryPoint","urlTemplate":"http:\/\/maltipoo-havapoo.pl\/?s={search_term_string}"},"query-input":"required name=search_term_string"}],"inLanguage":"en-US"}]}},"uagb_featured_image_src":{"full":false,"thumbnail":false,"medium":false,"medium_large":false,"large":false,"1536x1536":false,"2048x2048":false,"trp-custom-language-flag":false,"hestia-blog":false},"uagb_author_info":{"display_name":"admin","author_link":"http:\/\/maltipoo-havapoo.pl\/en\/author\/admin\/"},"uagb_comment_info":0,"uagb_excerpt":"Dostajemy mn\u00f3stwo zdj\u0119\u0107 od szcz\u0119\u015bliwych w\u0142a\u015bcicieli naszych wspania\u0142ych szczeni\u0105t \ud83d\ude42 &nbsp; &nbsp;&nbsp;MALTIPOO &nbsp;HAVAPOO","_links":{"self":[{"href":"http:\/\/maltipoo-havapoo.pl\/en\/wp-json\/wp\/v2\/pages\/2134"}],"collection":[{"href":"http:\/\/maltipoo-havapoo.pl\/en\/wp-json\/wp\/v2\/pages"}],"about":[{"href":"http:\/\/maltipoo-havapoo.pl\/en\/wp-json\/wp\/v2\/types\/page"}],"author":[{"embeddable":true,"href":"http:\/\/maltipoo-havapoo.pl\/en\/wp-json\/wp\/v2\/users\/1"}],"replies":[{"embeddable":true,"href":"http:\/\/maltipoo-havapoo.pl\/en\/wp-json\/wp\/v2\/comments?post=2134"}],"version-history":[{"count":13,"href":"http:\/\/maltipoo-havapoo.pl\/en\/wp-json\/wp\/v2\/pages\/2134\/revisions"}],"predecessor-version":[{"id":8996,"href":"http:\/\/maltipoo-havapoo.pl\/en\/wp-json\/wp\/v2\/pages\/2134\/revisions\/8996"}],"wp:attachment":[{"href":"http:\/\/maltipoo-havapoo.pl\/en\/wp-json\/wp\/v2\/media?parent=2134"}],"curies":[{"name":"wp","href":"https:\/\/api.w.org\/{rel}","templated":true}]}}